{"id":634,"date":"2025-10-24T15:25:36","date_gmt":"2025-10-24T19:25:36","guid":{"rendered":"https:\/\/canadiange1stg.wpenginepowered.com\/zone-detude\/can-geo-education-resources\/"},"modified":"2025-10-28T11:42:34","modified_gmt":"2025-10-28T15:42:34","slug":"outils-can-geo-education","status":"publish","type":"page","link":"https:\/\/challenge.canadiangeographic.ca\/fr\/zone-detude\/outils-can-geo-education\/","title":{"rendered":"Outils Can Geo \u00c9ducation"},"content":{"rendered":"<p><span data-sheets-root=\"1\">La meilleure fa\u00e7on de pr\u00e9parer vos \u00e9l\u00e8ves est d\u2019int\u00e9grer l\u2019apprentissage de la g\u00e9ographie \u00e0 votre enseignement quotidien. <a class=\"in-cell-link\" href=\"https:\/\/cangeoeducation.ca\/fr\/\" target=\"_blank\" rel=\"noopener\">\u00c9ducation Can Geo<\/a> met \u00e0 votre disposition une vaste biblioth\u00e8que de ressources pour vous aider \u2014 et elles sont gratuites et bilingues !<\/p>\n<p>Consultez le site Web de Canadian Geographic pour d\u00e9couvrir les derni\u00e8res nouvelles sur l\u2019actualit\u00e9 et des articles fascinants li\u00e9s \u00e0 la g\u00e9ographie. Le blogue est mis \u00e0 jour plusieurs fois par semaine, alors revenez-y souvent !<\/p>\n<p>\u00c9ducation Can Geo adore cr\u00e9er des cartes gratuites \u2014 et <a class=\"in-cell-link\" href=\"https:\/\/cangeoeducation.ca\/fr\/resources\/cartes-tapis-geantes-vue-densemble\/\" target=\"_blank\" rel=\"noopener\">nous en avons des tonnes<\/a> ! Vous pouvez t\u00e9l\u00e9charger une carte carrel\u00e9e ou r\u00e9server une carte g\u00e9ante au sol sur des th\u00e8mes vari\u00e9s comme l\u2019espace, l\u2019histoire, la production d\u2019\u00e9nergie, la biodiversit\u00e9, et bien plus encore.<br \/>\nVous trouverez aussi de nombreuses ressources t\u00e9l\u00e9chargeables gratuitement, comme des infographies sur les changements climatiques et des guides de travail sur le terrain.<\/p>\n<p>Nous avons \u00e9galement plusieurs sites compl\u00e9mentaires qui explorent certains th\u00e8mes en profondeur, notamment :<\/p>\n<p><a class=\"in-cell-link\" href=\"https:\/\/pathstoreconciliation.canadiangeographic.ca\/\" target=\"_blank\" rel=\"noopener\">Chemins vers la r\u00e9conciliation<\/a> \u2014 sur les pensionnats autochtones au Canada<br \/>\n<a class=\"in-cell-link\" href=\"https:\/\/anthropocene.canadiangeographic.ca\/\" target=\"_blank\" rel=\"noopener\">Programme d\u2019\u00e9ducation sur l\u2019Anthropoc\u00e8ne<\/a> \u2014 sur les impacts humains sur la plan\u00e8te<br \/>\n<a class=\"in-cell-link\" href=\"https:\/\/relocation.canadiangeographic.ca\/\" target=\"_blank\" rel=\"noopener\">Programme Re:Location<\/a> \u2014 sur les r\u00e9cits de relocalisation de communaut\u00e9s<\/span><\/p>\n","protected":false},"excerpt":{"rendered":"<p>La meilleure fa\u00e7on de pr\u00e9parer vos \u00e9l\u00e8ves est d\u2019int\u00e9grer l\u2019apprentissage de la g\u00e9ographie \u00e0 votre enseignement quotidien. \u00c9ducation Can Geo met \u00e0 votre disposition une vaste biblioth\u00e8que de ressources pour vous aider \u2014 et elles sont gratuites et bilingues ! Consultez le site Web de Canadian Geographic pour d\u00e9couvrir les derni\u00e8res nouvelles sur l\u2019actualit\u00e9 et [&hellip;]<\/p>\n","protected":false},"author":1,"featured_media":0,"parent":608,"menu_order":0,"comment_status":"closed","ping_status":"closed","template":"","meta":{"_acf_changed":false,"_monsterinsights_skip_tracking":false,"_monsterinsights_sitenote_active":false,"_monsterinsights_sitenote_note":"","_monsterinsights_sitenote_category":0,"footnotes":""},"class_list":["post-634","page","type-page","status-publish","hentry"],"acf":[],"_links":{"self":[{"href":"https:\/\/challenge.canadiangeographic.ca\/fr\/wp-json\/wp\/v2\/pages\/634","targetHints":{"allow":["GET"]}}],"collection":[{"href":"https:\/\/challenge.canadiangeographic.ca\/fr\/wp-json\/wp\/v2\/pages"}],"about":[{"href":"https:\/\/challenge.canadiangeographic.ca\/fr\/wp-json\/wp\/v2\/types\/page"}],"author":[{"embeddable":true,"href":"https:\/\/challenge.canadiangeographic.ca\/fr\/wp-json\/wp\/v2\/users\/1"}],"replies":[{"embeddable":true,"href":"https:\/\/challenge.canadiangeographic.ca\/fr\/wp-json\/wp\/v2\/comments?post=634"}],"version-history":[{"count":0,"href":"https:\/\/challenge.canadiangeographic.ca\/fr\/wp-json\/wp\/v2\/pages\/634\/revisions"}],"up":[{"embeddable":true,"href":"https:\/\/challenge.canadiangeographic.ca\/fr\/wp-json\/wp\/v2\/pages\/608"}],"wp:attachment":[{"href":"https:\/\/challenge.canadiangeographic.ca\/fr\/wp-json\/wp\/v2\/media?parent=634"}],"curies":[{"name":"wp","href":"https:\/\/api.w.org\/{rel}","templated":true}]}}