{"id":610,"date":"2025-10-24T14:57:37","date_gmt":"2025-10-24T18:57:37","guid":{"rendered":"https:\/\/canadiange1stg.wpenginepowered.com\/zone-detude\/past-questions\/"},"modified":"2025-10-28T11:36:44","modified_gmt":"2025-10-28T15:36:44","slug":"questions-des-annees-precedentes","status":"publish","type":"page","link":"https:\/\/challenge.canadiangeographic.ca\/fr\/zone-detude\/questions-des-annees-precedentes\/","title":{"rendered":"Questions des ann\u00e9es pr\u00e9c\u00e9dentes"},"content":{"rendered":"<p>Plus de tours de questions seront ajout\u00e9es au fil du temps, alors consultez le site r\u00e9guli\u00e8rement pour voir ce qui est nouveau.<\/p>\n<p>T\u00e9l\u00e9chargement sous forme de fichier PDF d\u2019Adobe.<\/p>\n<h2><strong>Niveau 1<\/strong><\/h2>\n<div><a target=\"_blank\" href=\"\/wp-content\/uploads\/2025\/10\/niveau-1-classe-quiz-print-and-fill.pdf\">2018 Niveau 1<\/a>\u00a0et <a target=\"_blank\" href=\"\/wp-content\/uploads\/2025\/10\/niveau-1-classe-quiz-student-answers.pdf\">r\u00e9ponses<\/a><\/div>\n<div><a target=\"_blank\" href=\"\/wp-content\/uploads\/2025\/10\/niveau-1-ecole-quiz-print-and-fill.pdf\">2018\u00a0Niveau 1 (niveau \u00e9cole)<\/a>\u00a0et <a target=\"_blank\" href=\"\/wp-content\/uploads\/2025\/10\/niveau-1-ecole-quiz-student-answers.pdf\">r\u00e9ponses<\/a><\/div>\n<h2><strong>Niveau 2<\/strong><\/h2>\n<div><a target=\"_blank\" href=\"\/wp-content\/uploads\/2025\/10\/niveau-2-classe-quiz-print-and-fill.pdf\">2018 Niveau 2<\/a><\/div>\n<div><a target=\"_blank\" href=\"\/wp-content\/uploads\/2025\/10\/niveau-2-ecole-quiz-print-and-fill.pdf\">2018 Niveau 2 (niveau \u00e9cole)\u00a0<\/a>et <a target=\"_blank\" href=\"\/wp-content\/uploads\/2025\/10\/niveau-2-ecole-quiz-student-answers.pdf\">r\u00e9ponses<\/a><\/div>\n<h2><strong>Bris d&#8217;\u00e9galit\u00e9<\/strong><\/h2>\n<p><strong>Niveau 1<\/strong><\/p>\n<p><a target=\"_blank\" href=\"\/wp-content\/uploads\/2025\/10\/niveau-1-ecole-bris-d039egalite-quiz-print-and-fill.pdf\">2018<\/a>\u00a0et\u00a0<a target=\"_blank\" href=\"\/wp-content\/uploads\/2025\/10\/niveau-1-ecole-bris-d039egalite-quiz-student-answers.pdf\">r\u00e9ponses<\/a><\/p>\n<p><strong>Niveau 2<\/strong><\/p>\n<p><a target=\"_blank\" href=\"\/wp-content\/uploads\/2025\/10\/niveau-2-ecole-bris-d039egalite-quiz-print-and-fill.pdf\">2018<\/a>\u00a0et\u00a0<a target=\"_blank\" href=\"\/wp-content\/uploads\/2025\/10\/niveau-2-ecole-bris-d039egalite-quiz-student-answers.pdf\">r\u00e9ponses<\/a><\/p>\n","protected":false},"excerpt":{"rendered":"<p>Plus de tours de questions seront ajout\u00e9es au fil du temps, alors consultez le site r\u00e9guli\u00e8rement pour voir ce qui est nouveau. T\u00e9l\u00e9chargement sous forme de fichier PDF d\u2019Adobe. Niveau 1 2018 Niveau 1\u00a0et r\u00e9ponses 2018\u00a0Niveau 1 (niveau \u00e9cole)\u00a0et r\u00e9ponses Niveau 2 2018 Niveau 2 2018 Niveau 2 (niveau \u00e9cole)\u00a0et r\u00e9ponses Bris d&#8217;\u00e9galit\u00e9 Niveau 1 [&hellip;]<\/p>\n","protected":false},"author":1,"featured_media":0,"parent":608,"menu_order":0,"comment_status":"closed","ping_status":"closed","template":"","meta":{"_acf_changed":false,"_monsterinsights_skip_tracking":false,"_monsterinsights_sitenote_active":false,"_monsterinsights_sitenote_note":"","_monsterinsights_sitenote_category":0,"footnotes":""},"class_list":["post-610","page","type-page","status-publish","hentry"],"acf":[],"_links":{"self":[{"href":"https:\/\/challenge.canadiangeographic.ca\/fr\/wp-json\/wp\/v2\/pages\/610","targetHints":{"allow":["GET"]}}],"collection":[{"href":"https:\/\/challenge.canadiangeographic.ca\/fr\/wp-json\/wp\/v2\/pages"}],"about":[{"href":"https:\/\/challenge.canadiangeographic.ca\/fr\/wp-json\/wp\/v2\/types\/page"}],"author":[{"embeddable":true,"href":"https:\/\/challenge.canadiangeographic.ca\/fr\/wp-json\/wp\/v2\/users\/1"}],"replies":[{"embeddable":true,"href":"https:\/\/challenge.canadiangeographic.ca\/fr\/wp-json\/wp\/v2\/comments?post=610"}],"version-history":[{"count":0,"href":"https:\/\/challenge.canadiangeographic.ca\/fr\/wp-json\/wp\/v2\/pages\/610\/revisions"}],"up":[{"embeddable":true,"href":"https:\/\/challenge.canadiangeographic.ca\/fr\/wp-json\/wp\/v2\/pages\/608"}],"wp:attachment":[{"href":"https:\/\/challenge.canadiangeographic.ca\/fr\/wp-json\/wp\/v2\/media?parent=610"}],"curies":[{"name":"wp","href":"https:\/\/api.w.org\/{rel}","templated":true}]}}