{"id":608,"date":"2025-08-15T11:35:21","date_gmt":"2025-08-15T15:35:21","guid":{"rendered":"https:\/\/canadiange1stg.wpenginepowered.com\/study-zone\/"},"modified":"2025-10-28T11:38:21","modified_gmt":"2025-10-28T15:38:21","slug":"zone-detude","status":"publish","type":"page","link":"https:\/\/challenge.canadiangeographic.ca\/fr\/zone-detude\/","title":{"rendered":"Zone d\u2019\u00e9tude"},"content":{"rendered":"<h2>Voici quelques conseils pour vous aider \u00e0 vous pr\u00e9parer au d\u00e9fi:<\/h2>\n<ul>\n<li>Passez en revue\u00a0les questions des ann\u00e9es pr\u00e9c\u00e9dentes, <a href=\"https:\/\/challenge.canadiangeographic.ca\/fr\/zone-detude\/questions-des-annees-precedentes\/\">disponibles ici<\/a>. Cela aidera les \u00e9l\u00e8ves \u00e0 se familiariser avec le ton et les types de questions qu&#8217;ils rencontreront.<\/li>\n<li>Encouragez vos \u00e9l\u00e8ves \u00e0 jouer \u00e0 des jeux de g\u00e9ographie en ligne pour approfondir leurs connaissances en g\u00e9ographie. Consultez la liste ci-dessous et suivez \u00c9ducation Can Geo sur Twitter\u00a0(@CanGeoEdu) pour plus d&#8217;id\u00e9es.\n<ul>\n<li><a href=\"https:\/\/www.alloprof.qc.ca\/fr\/eleves\/bv\/jeux\/allo-monde\">Allo Monde<\/a><\/li>\n<li><a href=\"https:\/\/fr.brainpop.com\/\">Brain Pop Fran\u00e7ais<\/a><\/li>\n<\/ul>\n<\/li>\n<li>Demandez aux \u00e9l\u00e8ves de trouver les r\u00e9ponses par deux pour \u00e9liminer le stress des \u00e9l\u00e8ves qui ne veulent pas participer. Ensuite, demandez aux cinq meilleurs \u00e9l\u00e8ves de r\u00e9pondre aux questions de d\u00e9partage pour d\u00e9terminer le champion de l&#8217;\u00e9cole.<\/li>\n<li>Demandez aux \u00e9l\u00e8ves de r\u00e9pondre \u00e0 quelques questions chaque jour, puis organisez un jour de comp\u00e9tition.<\/li>\n<li>Cr\u00e9er un club de g\u00e9ographie est \u00e9galement un excellent moyen d&#8217;encourager les \u00e9tudiants les plus passionn\u00e9s de g\u00e9ographie \u00e0 participer.<\/li>\n<li>Les \u00e9tudiants qui ont une vision de passer \u00e0 la ronde provinciale \/ territoriale ou \u00e0 la finale nationale devraient lire largement, qu&#8217;il s&#8217;agisse de l&#8217;actualit\u00e9 dans les nouvelles ou des sites Web scientifiques et g\u00e9ographiques. Ils devraient consulter des publications telles que Canadian Geographic et National Geographic, explorer des sites Web tels que\u00a0Britannica\u00a0et\u00a0Our World in Data, examiner des manuels et des statistiques d&#8217;organisations et d&#8217;agences gouvernementales telles que la NASA, les Nations Unies, l&#8217;OMS, Statistique Canada et la CIA, et faire utilisation de ressources interactives en ligne telles que\u00a0Google Earth\u00a0pour d\u00e9couvrir le monde.<\/li>\n<li>Impliquer les parents dans le d\u00e9fi est une excellente id\u00e9e, car ils peuvent avoir leurs propres exp\u00e9riences ou connaissances \u00e0 contribuer. Vous pouvez \u00e9galement sugg\u00e9rer aux \u00e9l\u00e8ves d&#8217;organiser leur propre tour de simulation de d\u00e9fi &#8211; parfois, la meilleure fa\u00e7on d&#8217;apprendre est de faire !<\/li>\n<\/ul>\n<p>En fin de compte, la g\u00e9ographie est un domaine si vaste que les \u00e9tudiants devraient consid\u00e9rer le monde d&#8217;un point de vue \u00e9conomique, politique, spatial, environnemental, culturel et physique.<\/p>\n","protected":false},"excerpt":{"rendered":"<p>Voici quelques conseils pour vous aider \u00e0 vous pr\u00e9parer au d\u00e9fi: Passez en revue\u00a0les questions des ann\u00e9es pr\u00e9c\u00e9dentes, disponibles ici. Cela aidera les \u00e9l\u00e8ves \u00e0 se familiariser avec le ton et les types de questions qu&#8217;ils rencontreront. Encouragez vos \u00e9l\u00e8ves \u00e0 jouer \u00e0 des jeux de g\u00e9ographie en ligne pour approfondir leurs connaissances en g\u00e9ographie. [&hellip;]<\/p>\n","protected":false},"author":1,"featured_media":0,"parent":0,"menu_order":0,"comment_status":"closed","ping_status":"closed","template":"","meta":{"_acf_changed":false,"_monsterinsights_skip_tracking":false,"_monsterinsights_sitenote_active":false,"_monsterinsights_sitenote_note":"","_monsterinsights_sitenote_category":0,"footnotes":""},"class_list":["post-608","page","type-page","status-publish","hentry"],"acf":[],"_links":{"self":[{"href":"https:\/\/challenge.canadiangeographic.ca\/fr\/wp-json\/wp\/v2\/pages\/608","targetHints":{"allow":["GET"]}}],"collection":[{"href":"https:\/\/challenge.canadiangeographic.ca\/fr\/wp-json\/wp\/v2\/pages"}],"about":[{"href":"https:\/\/challenge.canadiangeographic.ca\/fr\/wp-json\/wp\/v2\/types\/page"}],"author":[{"embeddable":true,"href":"https:\/\/challenge.canadiangeographic.ca\/fr\/wp-json\/wp\/v2\/users\/1"}],"replies":[{"embeddable":true,"href":"https:\/\/challenge.canadiangeographic.ca\/fr\/wp-json\/wp\/v2\/comments?post=608"}],"version-history":[{"count":0,"href":"https:\/\/challenge.canadiangeographic.ca\/fr\/wp-json\/wp\/v2\/pages\/608\/revisions"}],"wp:attachment":[{"href":"https:\/\/challenge.canadiangeographic.ca\/fr\/wp-json\/wp\/v2\/media?parent=608"}],"curies":[{"name":"wp","href":"https:\/\/api.w.org\/{rel}","templated":true}]}}