{"id":604,"date":"2025-08-15T11:34:53","date_gmt":"2025-08-15T15:34:53","guid":{"rendered":"https:\/\/canadiange1stg.wpenginepowered.com\/level-3\/"},"modified":"2025-10-28T11:05:59","modified_gmt":"2025-10-28T15:05:59","slug":"le-niveau-3","status":"publish","type":"page","link":"https:\/\/challenge.canadiangeographic.ca\/fr\/le-niveau-3\/","title":{"rendered":"Le niveau 3"},"content":{"rendered":"<p>Le niveau 3 est ouvert aux \u00e9l\u00e8ves \u00e2g\u00e9s de 16 \u00e0 19 ans (avant le 30 juin 2026), qui r\u00e9sident au Canada et qui ne sont pas actuellement inscrits \u00e0 des \u00e9tudes postsecondaires. La comp\u00e9tition se divise en trois phases: l\u2019\u00e9preuve multim\u00e9dia, l\u2019\u00e9preuve \u00e9crite et l\u2019\u00e9preuve sur le terrain.<\/p>\n<p>Tous les \u00e9l\u00e8ves inscrits peuvent participer \u00e0 la premi\u00e8re \u00e9preuve, l\u2019\u00e9preuve multim\u00e9dia. Les administrateurs du D\u00e9fi Can Geo communiqueront avec les 20 \u00e9l\u00e8ves ayant obtenu les meilleurs r\u00e9sultats \u00e0 l\u2019\u00e9preuve multim\u00e9dia afin de les faire passer \u00e0 la deuxi\u00e8me \u00e9preuve, soit l\u2019\u00e9preuve \u00e9crite. Les administrateurs du D\u00e9fi Can Geo communiqueront avec les 10 \u00e9l\u00e8ves ayant obtenu les meilleurs r\u00e9sultats \u00e0 l\u2019\u00e9preuve \u00e9crite afin de les inviter \u00e0 participer \u00e0 la troisi\u00e8me \u00e9preuve, soit l\u2019\u00e9preuve sur le terrain.<\/p>\n<p>Une fois que les \u00e9l\u00e8ves auront termin\u00e9 leur \u00e9preuve sur le terrain et soumis leur r\u00e9ponse, les correcteurs officiels du D\u00e9fi Can Geo corrigeront les \u00e9preuves, et passeront en revue les r\u00e9sultats obtenus aux \u00e9tapes pr\u00e9c\u00e9dentes. Six \u00e9l\u00e8ves seront alors s\u00e9lectionn\u00e9s et passeront un entretien dans le but de devenir membres d\u2019\u00c9quipe Canada. Les \u00e9l\u00e8ves passeront une entrevue avec les dirigeants d\u2019\u00c9quipe Canada qui accompagneront l\u2019\u00e9quipe aux Olympiade internationale de g\u00e9ographie et pr\u00e9pareront les \u00e9l\u00e8ves \u00e0 cette comp\u00e9tition internationale. L\u2019objectif de cette entrevue est de d\u00e9terminer le niveau d\u2019engagement des \u00e9l\u00e8ves et la mani\u00e8re dont ils s\u2019int\u00e8grent dans la dynamique de l\u2019\u00e9quipe. Quatre \u00e9l\u00e8ves seront s\u00e9lectionn\u00e9s pour faire partie d\u2019\u00c9quipe Canada.<\/p>\n<p>Les \u00e9l\u00e8ves doivent savoir que le niveau 3 du D\u00e9fi Can Geo se d\u00e9roule en anglais seulement. En effet, l&#8217;Olympiade internationale de g\u00e9ographie se d\u00e9roule uniquement en anglais. Par cons\u00e9quent, les \u00e9l\u00e8ves s\u00e9lectionn\u00e9s pour faire partie d\u2019\u00c9quipe Canada doivent ma\u00eetriser l\u2019anglais et \u00eatre \u00e0 l\u2019aise de passer une \u00e9preuve en anglais.<\/p>\n<p>Les r\u00e9sultats ne seront pas divulgu\u00e9s aux participants, quelle que soit la ronde de l\u2019\u00e9preuve. Aucune exception ne sera faite.<\/p>\n<h2>Renseignements sur les \u00e9preuves<\/h2>\n<p>Les rondes d\u2019\u00e9preuve du niveau 3 ont \u00e9t\u00e9 con\u00e7ues en fonction des rondes d\u2019\u00e9preuve de l&#8217;Olympiade internationale de g\u00e9ographie. La comp\u00e9tition compte donc trois \u00e9preuves.<\/p>\n<p><strong>\u00c9preuve multim\u00e9dia :<\/strong> Questionnaire \u00e0 choix multiples comprenant 50 questions portant sur une vari\u00e9t\u00e9 de sujets, comme la topographie, le climat, le d\u00e9veloppement des ressources et plus. Tout \u00e9l\u00e8ve inscrit peut participer \u00e0 cette ronde. Les \u00e9l\u00e8ves doivent passer cette \u00e9preuve en ligne sur le site du D\u00e9fi Can Geo.<\/p>\n<p><strong>\u00c9preuve \u00e9crite :<\/strong> Les 20 \u00e9l\u00e8ves ayant obtenu les meilleurs r\u00e9sultats \u00e0 l\u2019\u00e9preuve multim\u00e9dia seront invit\u00e9s \u00e0 passer l\u2019\u00e9preuve \u00e9crite. Cette \u00e9preuve, r\u00e9serv\u00e9e aux 20 meilleurs \u00e9l\u00e8ves de l\u2019\u00e9tape pr\u00e9c\u00e9dente, comporte des questions portant sur deux sujets g\u00e9ographiques pr\u00e9cis. Les \u00e9l\u00e8ves auront 1 h 30 pour r\u00e9pondre \u00e0 des questions \u00e0 d\u00e9veloppement court et long. Il n\u2019y aura aucune question \u00e0 choix multiple ni de questions Vrai ou Faux dans cette ronde. De plus amples renseignements sur cette \u00e9preuve seront communiqu\u00e9s aux participants retenus.<\/p>\n<p><strong>\u00c9preuve de terrain :<\/strong> Les 10 \u00e9l\u00e8ves ayant obtenu les meilleurs r\u00e9sultats \u00e0 l\u2019\u00e9preuve \u00e9crite seront ensuite invit\u00e9s \u00e0 passer l\u2019\u00e9preuve sur le terrain. Cette \u00e9preuve encourage les \u00e9l\u00e8ves \u00e0 sortir et \u00e0 explorer certains sujets g\u00e9ographiques dans leur collectivit\u00e9 ou leur quartier. De plus amples renseignements sur cette \u00e9preuve seront communiqu\u00e9s aux participants retenus.<\/p>\n<h2>Dates importantes<\/h2>\n<p><strong>1 d\u00e9cembre 2025<\/strong><br \/>\nPublication de l\u2019\u00e9preuve multim\u00e9dia.<\/p>\n<p><strong>19 d\u00e9cembre 2025<\/strong><br \/>\nDate limite pour passer l\u2019\u00e9preuve multim\u00e9dia.<\/p>\n<p><strong>9 janvier 2026<\/strong><br \/>\nLes 20 \u00e9l\u00e8ves ayant obtenu les meilleurs r\u00e9sultats \u00e0 l\u2019\u00e9preuve multim\u00e9dia sont invit\u00e9s \u00e0 passer \u00e0 la ronde de l\u2019\u00e9preuve \u00e9crite.<\/p>\n<p><strong>19 janvier 2026<\/strong><br \/>\nPublication de l\u2019\u00e9preuve \u00e9crite \u00e0 l\u2019intention des 20 \u00e9l\u00e8ves ayant obtenu les meilleurs r\u00e9sultats \u00e0 l\u2019\u00e9preuve multim\u00e9dia.<\/p>\n<p><strong>13 f\u00e9vrier 2026<\/strong><br \/>\nDate limite pour les 20 meilleurs \u00e9tudiants pour passer l\u2019\u00e9preuve \u00e9crite.<\/p>\n<p><strong>20 f\u00e9vrier 2026<\/strong><br \/>\nLes 10 \u00e9l\u00e8ves ayant obtenu les meilleurs r\u00e9sultats \u00e0 l\u2019\u00e9preuve \u00e9crite sont contact\u00e9s.<\/p>\n<p><strong>23 f\u00e9vrier 2026<\/strong><br \/>\nPublication de l\u2019\u00e9preuve sur le terrain \u00e0 l\u2019intention des 10 \u00e9l\u00e8ves ayant obtenu les meilleurs r\u00e9sultats \u00e0 l\u2019\u00e9preuve \u00e9crite.<\/p>\n<p><strong>22 mars 2026<\/strong><br \/>\nDate limite pour les 10 meilleurs \u00e9l\u00e8ves pour passer l\u2019\u00e9preuve sur le terrain.<\/p>\n<p><strong>6 avril 2026<\/strong><br \/>\nLes six \u00e9l\u00e8ves ayant obtenu les meilleurs r\u00e9sultats sont contact\u00e9s pour passer une entrevue. Les dirigeants d\u2019\u00c9quipe Canada font passer des entrevues aux six meilleurs \u00e9l\u00e8ves et quatre \u00e9l\u00e8ves seront s\u00e9lectionn\u00e9s pour faire partie d\u2019\u00c9quipe Canada.<\/p>\n<p><strong>13 avril 2026<\/strong><br \/>\nLes 4 meilleurs \u00e9tudiants s\u00e9lectionn\u00e9s pour repr\u00e9senter l&#8217;\u00e9quipe canadienne ont \u00e9t\u00e9 contact\u00e9s.<\/p>\n<p><strong>ao\u00fbt 2026<\/strong><br \/>\nL\u2019\u00c9quipe Canada se rendra \u00e0 Istanbul, en T\u00fcrkiye, pour participer \u00e0 l\u2019Olympiade internationale de g\u00e9ographie.<\/p>\n<h2>Olympiade internationale de g\u00e9ographie<\/h2>\n<p>L&#8217;Olympiade internationale de g\u00e9ographie, ou International Geography Olympiad (iGeo), rassemble les meilleurs \u00e9l\u00e8ves en g\u00e9ographie du monde entier, \u00e2g\u00e9s de 16 \u00e0 19 ans, dans le cadre d\u2019une comp\u00e9tition organis\u00e9e par l\u2019Union g\u00e9ographique internationale. Cette comp\u00e9tition a pour but de :<\/p>\n<ul>\n<li>stimuler l\u2019int\u00e9r\u00eat pour la g\u00e9ographie et les \u00e9tudes environnementales chez les jeunes;<\/li>\n<li>contribuer positivement au d\u00e9bat portant sur l\u2019importance de la g\u00e9ographie en tant que sujet d\u2019\u00e9tude au niveau secondaire de deuxi\u00e8me cycle en attirant l\u2019attention sur la qualit\u00e9 des connaissances et des comp\u00e9tences g\u00e9ographiques des jeunes et leur int\u00e9r\u00eat envers cette discipline;<\/li>\n<li>faciliter les rapports sociaux entre les jeunes de divers pays et, ce faisant, contribuer aux rapprochements entre les peuples.<\/li>\n<\/ul>\n<p><a href=\"https:\/\/rcgs.org\/about\/news-releases\/canadian-teens-triumph-at-2025-international-geography-olympiad-in-thailand\/\" target=\"_blank\" rel=\"noopener\">D\u00e9couvrez les exp\u00e9riences<\/a> de l\u2019\u00c9quipe Canada lors de l\u2019Olympiade internationale de g\u00e9ographie 2025 \u00e0 Bangkok, en Tha\u00eflande (anglais seulement).<\/p>\n<p>&nbsp;<\/p>\n","protected":false},"excerpt":{"rendered":"<p>Le niveau 3 est ouvert aux \u00e9l\u00e8ves \u00e2g\u00e9s de 16 \u00e0 19 ans (avant le 30 juin 2026), qui r\u00e9sident au Canada et qui ne sont pas actuellement inscrits \u00e0 des \u00e9tudes postsecondaires. La comp\u00e9tition se divise en trois phases: l\u2019\u00e9preuve multim\u00e9dia, l\u2019\u00e9preuve \u00e9crite et l\u2019\u00e9preuve sur le terrain. Tous les \u00e9l\u00e8ves inscrits peuvent participer [&hellip;]<\/p>\n","protected":false},"author":1,"featured_media":0,"parent":0,"menu_order":0,"comment_status":"closed","ping_status":"closed","template":"","meta":{"_acf_changed":false,"_monsterinsights_skip_tracking":false,"_monsterinsights_sitenote_active":false,"_monsterinsights_sitenote_note":"","_monsterinsights_sitenote_category":0,"footnotes":""},"class_list":["post-604","page","type-page","status-publish","hentry"],"acf":[],"_links":{"self":[{"href":"https:\/\/challenge.canadiangeographic.ca\/fr\/wp-json\/wp\/v2\/pages\/604","targetHints":{"allow":["GET"]}}],"collection":[{"href":"https:\/\/challenge.canadiangeographic.ca\/fr\/wp-json\/wp\/v2\/pages"}],"about":[{"href":"https:\/\/challenge.canadiangeographic.ca\/fr\/wp-json\/wp\/v2\/types\/page"}],"author":[{"embeddable":true,"href":"https:\/\/challenge.canadiangeographic.ca\/fr\/wp-json\/wp\/v2\/users\/1"}],"replies":[{"embeddable":true,"href":"https:\/\/challenge.canadiangeographic.ca\/fr\/wp-json\/wp\/v2\/comments?post=604"}],"version-history":[{"count":0,"href":"https:\/\/challenge.canadiangeographic.ca\/fr\/wp-json\/wp\/v2\/pages\/604\/revisions"}],"wp:attachment":[{"href":"https:\/\/challenge.canadiangeographic.ca\/fr\/wp-json\/wp\/v2\/media?parent=604"}],"curies":[{"name":"wp","href":"https:\/\/api.w.org\/{rel}","templated":true}]}}