{"id":602,"date":"2025-08-15T11:34:45","date_gmt":"2025-08-15T15:34:45","guid":{"rendered":"https:\/\/canadiange1stg.wpenginepowered.com\/level-2\/"},"modified":"2025-10-28T10:46:15","modified_gmt":"2025-10-28T14:46:15","slug":"le-niveau-2","status":"publish","type":"page","link":"https:\/\/challenge.canadiangeographic.ca\/fr\/le-niveau-2\/","title":{"rendered":"Le niveau 2"},"content":{"rendered":"<p>Le niveau 2 encourage les \u00e9l\u00e8ves de la 7e \u00e0 la 10e ann\u00e9e (Sec. 1 \u00e0 4) \u00e0 repousser les limites de leurs connaissances en g\u00e9ographie et \u00e0 appliquer leurs comp\u00e9tences de r\u00e9flexion g\u00e9ographique. La comp\u00e9tition commence par la ronde de la classe et se poursuit par la ronde de l\u2019\u00e9cole pour d\u00e9signer le champion de l\u2019\u00e9cole. Les questions des rondes de classe et d\u2019\u00e9cole sont \u00e0 choix multiples et couvrent une grande vari\u00e9t\u00e9 de sujets dans le domaine g\u00e9ographique. Chaque \u00e9preuve comporte 50 questions.<\/p>\n<p>Le champion de l\u2019\u00e9cole est ensuite invit\u00e9 \u00e0 prendre part \u00e0 l\u2019\u00e9preuve provinciale\/territoriale. Choisis parmi les gagnants de l\u2019\u00e9preuve provinciale\/territoriale, 20 des meilleurs \u00e9l\u00e8ves en g\u00e9ographie du Canada prendront part \u00e0 la Finale Nationale en mai, 2026. Plus d\u2019informations seront partag\u00e9es sur la Finale Nationale en janvier 2026.<\/p>\n<p>Les champions d\u2019\u00e9cole de niveau 2 re\u00e7oivent un certificat, une publication sp\u00e9ciale et\/ou un carte de Canadian Geographic et un abonnement d\u2019un an au magazine Canadian Geographic. Les finalistes nationaux re\u00e7oivent un ensemble de prix et des prix sont attribu\u00e9s pour la premi\u00e8re, la seconde et la troisi\u00e8me position. Les prix remis lors de la finale nationale peuvent varier d\u2019une ann\u00e9e \u00e0 l\u2019autre. Les organisateurs du D\u00e9fi Can Geo se r\u00e9servent le droit de substituer un prix de l\u2019\u00e9preuve par un autre de valeur \u00e9gale ou sup\u00e9rieure.<\/p>\n<h2>Dates importantes<\/h2>\n<p><strong>Novembre 2025<\/strong><br \/>\nPublication des questions pour les rondes de classe et d\u2019\u00e9cole.<\/p>\n<p><strong>23 f\u00e9vrier 2026<\/strong><br \/>\nDate limite pour d\u00e9signer les champions d&#8217;\u00e9cole du niveau 2. Pour que les champions d\u2019\u00e9cole soient admissibles \u00e0 la ronde provinciale\/territoriale servant \u00e0 d\u00e9terminer les finalistes nationaux, leurs noms doivent figurer sur le site du D\u00e9fi.<\/p>\n<p><strong>3 \u2192 31 mars 2026<\/strong><br \/>\nRonde provinciale\/territoriale ouverte. Seuls les champions d\u2019\u00e9cole de niveau 2 peuvent participer \u00e0 cette ronde.<\/p>\n<p><strong>1 \u2192 7 avril 2026<\/strong><br \/>\nAu besoin, administration des bris d\u2019\u00e9galit\u00e9 provinciaux\/territoriaux<\/p>\n<p><strong>10 avril 2026<\/strong><br \/>\nLes 20 meilleurs participants de la ronde provinciale\/territoriale sont s\u00e9lectionn\u00e9s comme finalistes nationaux et re\u00e7oivent des directives concernant la suite de l\u2019\u00e9preuve. Cette date est \u00e9galement la date limite pour d\u00e9signer les champions d\u2019\u00e9cole du niveau 2 qui ont choisi de ne pas participer \u00e0 la ronde provinciale\/territoriale ou \u00e0 la finale nationale. Pour que les champions d\u2019\u00e9cole soient admissibles \u00e0 un prix, leurs noms doivent \u00eatre inscrits sur le site du D\u00e9fi au plus tard \u00e0 cette date.<\/p>\n<p><strong>Mai 2026<\/strong><br \/>\nFinale nationale.<\/p>\n<p><strong>Juin 2026<\/strong><br \/>\nLes prix attribu\u00e9s aux champions d\u2019\u00e9cole seront envoy\u00e9s par la poste. Si les enseignants n\u2019ont pas re\u00e7u le prix d\u2019ici le 12 juin 2026, ils doivent \u00e9crire \u00e0 <a href=\"mailto:info@cangeoeducation.ca\">info@cangeoeducation.ca<\/a>.<\/p>\n<h2>Finale nationale 2025<\/h2>\n<p><iframe loading=\"lazy\" style=\"width: 100%; height: clamp(100px, 56.20767494vw, 747px);\" title=\"YouTube video player\" src=\"https:\/\/www.youtube.com\/embed\/qjpOOJx4yG0?si=204bZ1EOI6EuXT3b\" width=\"1329\" height=\"747\" frameborder=\"0\" allowfullscreen=\"allowfullscreen\" data-mce-fragment=\"1\"><\/iframe><\/p>\n","protected":false},"excerpt":{"rendered":"<p>Le niveau 2 encourage les \u00e9l\u00e8ves de la 7e \u00e0 la 10e ann\u00e9e (Sec. 1 \u00e0 4) \u00e0 repousser les limites de leurs connaissances en g\u00e9ographie et \u00e0 appliquer leurs comp\u00e9tences de r\u00e9flexion g\u00e9ographique. La comp\u00e9tition commence par la ronde de la classe et se poursuit par la ronde de l\u2019\u00e9cole pour d\u00e9signer le champion [&hellip;]<\/p>\n","protected":false},"author":1,"featured_media":0,"parent":0,"menu_order":0,"comment_status":"closed","ping_status":"closed","template":"","meta":{"_acf_changed":false,"_monsterinsights_skip_tracking":false,"_monsterinsights_sitenote_active":false,"_monsterinsights_sitenote_note":"","_monsterinsights_sitenote_category":0,"footnotes":""},"class_list":["post-602","page","type-page","status-publish","hentry"],"acf":[],"_links":{"self":[{"href":"https:\/\/challenge.canadiangeographic.ca\/fr\/wp-json\/wp\/v2\/pages\/602","targetHints":{"allow":["GET"]}}],"collection":[{"href":"https:\/\/challenge.canadiangeographic.ca\/fr\/wp-json\/wp\/v2\/pages"}],"about":[{"href":"https:\/\/challenge.canadiangeographic.ca\/fr\/wp-json\/wp\/v2\/types\/page"}],"author":[{"embeddable":true,"href":"https:\/\/challenge.canadiangeographic.ca\/fr\/wp-json\/wp\/v2\/users\/1"}],"replies":[{"embeddable":true,"href":"https:\/\/challenge.canadiangeographic.ca\/fr\/wp-json\/wp\/v2\/comments?post=602"}],"version-history":[{"count":0,"href":"https:\/\/challenge.canadiangeographic.ca\/fr\/wp-json\/wp\/v2\/pages\/602\/revisions"}],"wp:attachment":[{"href":"https:\/\/challenge.canadiangeographic.ca\/fr\/wp-json\/wp\/v2\/media?parent=602"}],"curies":[{"name":"wp","href":"https:\/\/api.w.org\/{rel}","templated":true}]}}