{"id":600,"date":"2025-08-15T11:34:37","date_gmt":"2025-08-15T15:34:37","guid":{"rendered":"https:\/\/canadiange1stg.wpenginepowered.com\/level-1\/"},"modified":"2025-10-28T10:40:25","modified_gmt":"2025-10-28T14:40:25","slug":"le-niveau-1","status":"publish","type":"page","link":"https:\/\/challenge.canadiangeographic.ca\/fr\/le-niveau-1\/","title":{"rendered":"Le niveau 1"},"content":{"rendered":"<p>Le niveau 1 s\u2019adresse aux \u00e9l\u00e8ves de la 4e \u00e0 la 6e ann\u00e9e. Il met l\u2019accent sur le d\u00e9veloppement des connaissances et des comp\u00e9tences de base en g\u00e9ographie et vise \u00e0 susciter la passion chez les \u00e9l\u00e8ves t\u00f4t dans leur parcours scolaire.<\/p>\n<p>Les \u00e9l\u00e8ves participent \u00e0 la ronde de classe puis \u00e0 la ronde d\u2019\u00e9cole, jusqu\u2019\u00e0 la d\u00e9signation d\u2019un champion de l\u2019\u00e9cole. Les questions des rondes de classe et d\u2019\u00e9cole sont \u00e0 choix multiples et couvrent une grande vari\u00e9t\u00e9 de sujets dans le domaine g\u00e9ographique. Chaque \u00e9preuve comporte 50 questions.<\/p>\n<p>Tous les champions d\u2019\u00e9cole re\u00e7oivent un certificat, une publication sp\u00e9ciale et\/ou un carte de Canadian Geographic et un abonnement d\u2019un an au magazine Canadian Geographic.<\/p>\n<h2>Dates importantes<\/h2>\n<p><strong>Novembre 2025<\/strong><br \/>\nPublication des questions pour les rondes de classe et d\u2019\u00e9cole.<\/p>\n<p><strong>17 avril 2026<\/strong><br \/>\nDate limite pour d\u00e9signer les gagnants du niveau 1. Pour que les champions d\u2019\u00e9cole soient admissibles \u00e0 un prix, leurs noms doivent \u00eatre inscrits sur le site du D\u00e9fi au plus tard \u00e0 cette date.<\/p>\n<p><strong>Mai 2026<\/strong><br \/>\nLes prix attribu\u00e9s aux champions d\u2019\u00e9cole seront envoy\u00e9s par la poste. Si les enseignants n\u2019ont pas re\u00e7u le prix d\u2019ici le 12 juin 2026, ils doivent \u00e9crire \u00e0 <a href=\"mailto:info@cangeoeducation.ca\">info@cangeoeducation.ca<\/a><\/p>\n","protected":false},"excerpt":{"rendered":"<p>Le niveau 1 s\u2019adresse aux \u00e9l\u00e8ves de la 4e \u00e0 la 6e ann\u00e9e. Il met l\u2019accent sur le d\u00e9veloppement des connaissances et des comp\u00e9tences de base en g\u00e9ographie et vise \u00e0 susciter la passion chez les \u00e9l\u00e8ves t\u00f4t dans leur parcours scolaire. Les \u00e9l\u00e8ves participent \u00e0 la ronde de classe puis \u00e0 la ronde d\u2019\u00e9cole, [&hellip;]<\/p>\n","protected":false},"author":1,"featured_media":0,"parent":0,"menu_order":0,"comment_status":"closed","ping_status":"closed","template":"","meta":{"_acf_changed":false,"_monsterinsights_skip_tracking":false,"_monsterinsights_sitenote_active":false,"_monsterinsights_sitenote_note":"","_monsterinsights_sitenote_category":0,"footnotes":""},"class_list":["post-600","page","type-page","status-publish","hentry"],"acf":[],"_links":{"self":[{"href":"https:\/\/challenge.canadiangeographic.ca\/fr\/wp-json\/wp\/v2\/pages\/600","targetHints":{"allow":["GET"]}}],"collection":[{"href":"https:\/\/challenge.canadiangeographic.ca\/fr\/wp-json\/wp\/v2\/pages"}],"about":[{"href":"https:\/\/challenge.canadiangeographic.ca\/fr\/wp-json\/wp\/v2\/types\/page"}],"author":[{"embeddable":true,"href":"https:\/\/challenge.canadiangeographic.ca\/fr\/wp-json\/wp\/v2\/users\/1"}],"replies":[{"embeddable":true,"href":"https:\/\/challenge.canadiangeographic.ca\/fr\/wp-json\/wp\/v2\/comments?post=600"}],"version-history":[{"count":0,"href":"https:\/\/challenge.canadiangeographic.ca\/fr\/wp-json\/wp\/v2\/pages\/600\/revisions"}],"wp:attachment":[{"href":"https:\/\/challenge.canadiangeographic.ca\/fr\/wp-json\/wp\/v2\/media?parent=600"}],"curies":[{"name":"wp","href":"https:\/\/api.w.org\/{rel}","templated":true}]}}