{"id":596,"date":"2025-08-15T11:34:11","date_gmt":"2025-08-15T15:34:11","guid":{"rendered":"https:\/\/canadiange1stg.wpenginepowered.com\/tout-sur-le-defi\/acknowledgements\/"},"modified":"2025-10-28T10:32:26","modified_gmt":"2025-10-28T14:32:26","slug":"remerciements","status":"publish","type":"page","link":"https:\/\/challenge.canadiangeographic.ca\/fr\/tout-sur-le-defi\/remerciements\/","title":{"rendered":"Remerciements"},"content":{"rendered":"<h2>\u00c9ducation Canadian Geographic<\/h2>\n<p>La Soci\u00e9t\u00e9 g\u00e9ographique royale du Canada\u00a0est l&#8217;un des organismes \u00e9ducatifs \u00e0 but non lucratif les plus grands au\u00a0Canada. Son objectif est de faire mieux conna\u00eetre le Canada aux Canadiens et au monde entier.<\/p>\n<p>Le comit\u00e9 \u00e9ducatif de la Soci\u00e9t\u00e9 est \u00c9ducation Canadian Geographic (\u00c9ducation Can Geo), un r\u00e9seau de plus 28 000 \u00e9ducateurs de la maternelle \u00e0 la 12e ann\u00e9e d&#8217;un bout a l&#8217;autre du pays.<\/p>\n<p>Le D\u00e9fi Canadian Geographic est le programme le plus ancien d&#8217;\u00c9ducation Can Geo. Il est organis\u00e9 par un comit\u00e9 d\u00e9vou\u00e9 d&#8217;enseignants b\u00e9n\u00e9voles de tout le pays. Si vous \u00eates int\u00e9ress\u00e9 \u00e0 vous impliquer dans le comit\u00e9, veuillez nous contacter \u00e0 <a href=\"mailto:info@cangeoeducation.ca\">info@cangeoeducation.ca<\/a>.<\/p>\n<p>Le D\u00e9fi Canadian Geographic est un \u00e9l\u00e9ment cl\u00e9 de la suite de ressources \u00e9ducatives de Can Geo \u00c9ducation. Veuillez prendre le temps de consulter nos autres ressources pour voir quels outils vous pouvez apporter \u00e0 votre classe ou \u00e0 votre \u00e9cole sur <a href=\"http:\/\/www.cangeoeducation.ca\">cangeoeducation.ca<\/a>.<\/p>\n<p>Vous aimeriez appuyer le D\u00e9fi Canadian Geographic?\u00a0<a href=\"https:\/\/rcgs.org\/fr\/page-daccueil\/\" target=\"_blank\" rel=\"noopener\">Cliquez ici pour faire un don \u00e0 la SGRC<\/a>.<\/p>\n<h2>Reconnaissance territoriale:<\/h2>\n<p>\u00c9ducation Canadian Geographic, la SGRC et <em>Canadian Geographic<\/em> reconnaissent que nos bureaux sont situ\u00e9s sur le territoire non c\u00e9d\u00e9 des peuples algonquins qui sont les gardiens de ces terres et qui ont une\u00a0relation avec ces terres depuis des milliers d&#8217;ann\u00e9es. Nous reconnaissons\u00a0en outre que notre travail s&#8217;\u00e9tend \u00e0 travers\u00a0les terres des Premi\u00e8res Nations,\u00a0les terres d&#8217;origine m\u00e9tisse et l&#8217;Inuit Nunangat, et nous en sommes profond\u00e9ment reconnaissants.<\/p>\n<h2>En souvenir d&#8217;Alex Trebek et de son soutien au D\u00e9fi Canadian Geographic<\/h2>\n<p><img loading=\"lazy\" decoding=\"async\" class=\"alignnone size-full wp-image-494\" src=\"https:\/\/challenge.canadiangeographic.ca\/wp-content\/uploads\/2025\/10\/dsc2031.jpg\" alt=\"\" width=\"720\" height=\"481\" srcset=\"https:\/\/challenge.canadiangeographic.ca\/wp-content\/uploads\/2025\/10\/dsc2031.jpg 720w, https:\/\/challenge.canadiangeographic.ca\/wp-content\/uploads\/2025\/10\/dsc2031-300x200.jpg 300w\" sizes=\"auto, (max-width: 720px) 100vw, 720px\" \/><\/p>\n<p>Alex Trebek est surtout connu pour avoir anim\u00e9 <em>Jeopardy !<\/em>, mais c&#8217;est son travail de d\u00e9fense des connaissances g\u00e9ographiques et de l&#8217;\u00e9ducation qui r\u00e9sonne si fort aupr\u00e8s des Canadiens et qui laissera un h\u00e9ritge durble pendant de nombreuses ann\u00e9es.<\/p>\n<p>Trebek \u00e9tait le pr\u00e9sident honoraire de la Soci\u00e9t\u00e9\u00a0g\u00e9ographique royale du Canada depuis mai 2016, mais m\u00eame avant cela, il avait \u00e9t\u00e9 un soutien cl\u00e9 de la Soci\u00e9t\u00e9. Trebek a accueilli plusieurs des finales nationales annuelles du D\u00e9fi Canadian Geographic et, au fil des ans, il a \u00e9galement apport\u00e9 un soutien financier par le biais de la Trebek Family Foundation afin que la finale nationale puisse continuer \u00e0 se tenir devant un public en direct.<\/p>\n<p>M\u00eame pendant sa lutte contre le cancer, Trebek \u00e9tait g\u00e9n\u00e9reux de son temps. Il a assist\u00e9 au 25e anniversaire du D\u00e9fi Canadian Geographic au 50 Sussex, berceau de l&#8217;enseignemnt de la g\u00e9ographie au Canada et le si\u00e8ge\u00a0de la SGRC, o\u00f9 il a parl\u00e9 avec les anciens champions du D\u00e9fi, dont certains qu&#8217;il a vus concourir lors d&#8217;\u00e9v\u00e9nements internationaux.<\/p>\n<p>\u00ab We live in a period now of crisis for our planet, and it strikes me that geography is even more important now than it has ever been,\u00a0\u00bb\u00a0a not\u00e9 M. Trebek lors de son allocution \u00e0 l&#8217;occasion du coup d&#8217;envoi du 25e D\u00e9fi.<\/p>\n<p>En reconnaissance du d\u00e9vouement de toute une vie \u00e0 l&#8217;enseignement de la g\u00e9ographie, la SGRC a rebaptis\u00e9 son Prix d&#8217;excellence en g\u00e9ographie\u00a0\u00ab M\u00e9daille d&#8217;excellence en g\u00e9ographie Alex-Trebek \u00bb et a fait de M. Trebek le premier r\u00e9cipiendaire de cette nouvelle distinction.<\/p>\n<p>Pour en savoir plus sur la vie de M. Trebek et son engagement aupr\u00e8s de la Soci\u00e9t\u00e9 g\u00e9ographique du Canada, <a href=\"http:\/\/rcgs.org\/about\/news-releases\/remembering-alex-trebek\/\">cliquez ici<\/a> (en anglais seulement).<\/p>\n<p><img loading=\"lazy\" decoding=\"async\" class=\"alignleft wp-image-500 size-medium\" src=\"https:\/\/challenge.canadiangeographic.ca\/wp-content\/uploads\/2025\/10\/alex-991x664-1-300x201.jpg\" alt=\"\" width=\"300\" height=\"201\" srcset=\"https:\/\/challenge.canadiangeographic.ca\/wp-content\/uploads\/2025\/10\/alex-991x664-1-300x201.jpg 300w, https:\/\/challenge.canadiangeographic.ca\/wp-content\/uploads\/2025\/10\/alex-991x664-1-768x515.jpg 768w, https:\/\/challenge.canadiangeographic.ca\/wp-content\/uploads\/2025\/10\/alex-991x664-1.jpg 991w\" sizes=\"auto, (max-width: 300px) 100vw, 300px\" \/><\/p>\n<p><img loading=\"lazy\" decoding=\"async\" class=\"size-medium wp-image-496 alignleft\" src=\"https:\/\/challenge.canadiangeographic.ca\/wp-content\/uploads\/2025\/10\/20190513-img_1481-252154000117-991x661-1-300x200.jpg\" alt=\"\" width=\"300\" height=\"200\" srcset=\"https:\/\/challenge.canadiangeographic.ca\/wp-content\/uploads\/2025\/10\/20190513-img_1481-252154000117-991x661-1-300x200.jpg 300w, https:\/\/challenge.canadiangeographic.ca\/wp-content\/uploads\/2025\/10\/20190513-img_1481-252154000117-991x661-1-768x512.jpg 768w, https:\/\/challenge.canadiangeographic.ca\/wp-content\/uploads\/2025\/10\/20190513-img_1481-252154000117-991x661-1.jpg 991w\" sizes=\"auto, (max-width: 300px) 100vw, 300px\" \/><\/p>\n<p><img loading=\"lazy\" decoding=\"async\" class=\"alignleft size-medium wp-image-498\" src=\"https:\/\/challenge.canadiangeographic.ca\/wp-content\/uploads\/2025\/10\/20191005-img_9720-042124001549-991x661-1-300x200.jpg\" alt=\"\" width=\"300\" height=\"200\" srcset=\"https:\/\/challenge.canadiangeographic.ca\/wp-content\/uploads\/2025\/10\/20191005-img_9720-042124001549-991x661-1-300x200.jpg 300w, https:\/\/challenge.canadiangeographic.ca\/wp-content\/uploads\/2025\/10\/20191005-img_9720-042124001549-991x661-1-768x512.jpg 768w, https:\/\/challenge.canadiangeographic.ca\/wp-content\/uploads\/2025\/10\/20191005-img_9720-042124001549-991x661-1.jpg 991w\" sizes=\"auto, (max-width: 300px) 100vw, 300px\" \/><\/p>\n<div style=\"clear: both;\"><\/div>\n","protected":false},"excerpt":{"rendered":"<p>\u00c9ducation Canadian Geographic La Soci\u00e9t\u00e9 g\u00e9ographique royale du Canada\u00a0est l&#8217;un des organismes \u00e9ducatifs \u00e0 but non lucratif les plus grands au\u00a0Canada. Son objectif est de faire mieux conna\u00eetre le Canada aux Canadiens et au monde entier. Le comit\u00e9 \u00e9ducatif de la Soci\u00e9t\u00e9 est \u00c9ducation Canadian Geographic (\u00c9ducation Can Geo), un r\u00e9seau de plus 28 000 [&hellip;]<\/p>\n","protected":false},"author":1,"featured_media":0,"parent":589,"menu_order":0,"comment_status":"closed","ping_status":"closed","template":"","meta":{"_acf_changed":false,"_monsterinsights_skip_tracking":false,"_monsterinsights_sitenote_active":false,"_monsterinsights_sitenote_note":"","_monsterinsights_sitenote_category":0,"footnotes":""},"class_list":["post-596","page","type-page","status-publish","hentry"],"acf":[],"_links":{"self":[{"href":"https:\/\/challenge.canadiangeographic.ca\/fr\/wp-json\/wp\/v2\/pages\/596","targetHints":{"allow":["GET"]}}],"collection":[{"href":"https:\/\/challenge.canadiangeographic.ca\/fr\/wp-json\/wp\/v2\/pages"}],"about":[{"href":"https:\/\/challenge.canadiangeographic.ca\/fr\/wp-json\/wp\/v2\/types\/page"}],"author":[{"embeddable":true,"href":"https:\/\/challenge.canadiangeographic.ca\/fr\/wp-json\/wp\/v2\/users\/1"}],"replies":[{"embeddable":true,"href":"https:\/\/challenge.canadiangeographic.ca\/fr\/wp-json\/wp\/v2\/comments?post=596"}],"version-history":[{"count":0,"href":"https:\/\/challenge.canadiangeographic.ca\/fr\/wp-json\/wp\/v2\/pages\/596\/revisions"}],"up":[{"embeddable":true,"href":"https:\/\/challenge.canadiangeographic.ca\/fr\/wp-json\/wp\/v2\/pages\/589"}],"wp:attachment":[{"href":"https:\/\/challenge.canadiangeographic.ca\/fr\/wp-json\/wp\/v2\/media?parent=596"}],"curies":[{"name":"wp","href":"https:\/\/api.w.org\/{rel}","templated":true}]}}