{"id":589,"date":"2025-08-15T15:30:46","date_gmt":"2025-08-15T19:30:46","guid":{"rendered":"https:\/\/canadiange1stg.wpenginepowered.com\/about-the-challenge\/"},"modified":"2025-10-28T10:22:19","modified_gmt":"2025-10-28T14:22:19","slug":"tout-sur-le-defi","status":"publish","type":"page","link":"https:\/\/challenge.canadiangeographic.ca\/fr\/tout-sur-le-defi\/","title":{"rendered":"Tout sur le D\u00e9fi"},"content":{"rendered":"<p>\u00c9ducation Canadian Geographic a lanc\u00e9 le D\u00e9fi Canadian Geographic (anciennement le Grand D\u00e9fi g\u00e9ographique du Canada) en 1995 afin d&#8217;int\u00e9resser les \u00e9tudiants \u00e0 la g\u00e9ographie. Depuis, le D\u00e9fi est pass\u00e9 de 20 \u00e9coles participantes \u00e0 plus de 400 \u00e9coles par an, et a touch\u00e9 des dizaines de milliers d&#8217;\u00e9l\u00e8ves partout au Canada.<\/p>\n<p>Le D\u00e9fi, qui en est maintenant \u00e0 sa 31e \u00e9dition, \u00e9volue continuellement, fusionnant les styles d&#8217;apprentissage traditionnels avec les comp\u00e9tences g\u00e9ographiques et les nouvelles technologies. Le soutien de la Trebek Family Foundation et d\u2019autres donateurs priv\u00e9s a permis au concours de continuer \u00e0 \u00eatre accessible, pertinent et engageant pour tous les \u00e9tudiants.<\/p>\n<p>Le D\u00e9fi comprend trois niveaux pour toucher au plus grand nombre d&#8217;\u00e9l\u00e8ves que possible. Les niveaux 1 et 2 sont respectivement accessibles aux \u00e9l\u00e8ves de la 4e \u00e0 la 6e ann\u00e9e et de la 7e \u00e0 la 10e ann\u00e9e (sec 1-III). Le niveau 3 est destin\u00e9 aux \u00e9tudiants plus \u00e2g\u00e9s (\u00e2g\u00e9s de 16 \u00e0 19 ans) qui souhaitent \u00e9ventuellement concourir au niveau international. Pour en savoir plus, cliquez sur les diff\u00e9rents niveaux dans le menu ci-dessus.<\/p>\n","protected":false},"excerpt":{"rendered":"<p>\u00c9ducation Canadian Geographic a lanc\u00e9 le D\u00e9fi Canadian Geographic (anciennement le Grand D\u00e9fi g\u00e9ographique du Canada) en 1995 afin d&#8217;int\u00e9resser les \u00e9tudiants \u00e0 la g\u00e9ographie. Depuis, le D\u00e9fi est pass\u00e9 de 20 \u00e9coles participantes \u00e0 plus de 400 \u00e9coles par an, et a touch\u00e9 des dizaines de milliers d&#8217;\u00e9l\u00e8ves partout au Canada. Le D\u00e9fi, qui [&hellip;]<\/p>\n","protected":false},"author":1,"featured_media":0,"parent":0,"menu_order":0,"comment_status":"closed","ping_status":"closed","template":"","meta":{"_acf_changed":false,"_monsterinsights_skip_tracking":false,"_monsterinsights_sitenote_active":false,"_monsterinsights_sitenote_note":"","_monsterinsights_sitenote_category":0,"footnotes":""},"class_list":["post-589","page","type-page","status-publish","hentry"],"acf":[],"_links":{"self":[{"href":"https:\/\/challenge.canadiangeographic.ca\/fr\/wp-json\/wp\/v2\/pages\/589","targetHints":{"allow":["GET"]}}],"collection":[{"href":"https:\/\/challenge.canadiangeographic.ca\/fr\/wp-json\/wp\/v2\/pages"}],"about":[{"href":"https:\/\/challenge.canadiangeographic.ca\/fr\/wp-json\/wp\/v2\/types\/page"}],"author":[{"embeddable":true,"href":"https:\/\/challenge.canadiangeographic.ca\/fr\/wp-json\/wp\/v2\/users\/1"}],"replies":[{"embeddable":true,"href":"https:\/\/challenge.canadiangeographic.ca\/fr\/wp-json\/wp\/v2\/comments?post=589"}],"version-history":[{"count":0,"href":"https:\/\/challenge.canadiangeographic.ca\/fr\/wp-json\/wp\/v2\/pages\/589\/revisions"}],"wp:attachment":[{"href":"https:\/\/challenge.canadiangeographic.ca\/fr\/wp-json\/wp\/v2\/media?parent=589"}],"curies":[{"name":"wp","href":"https:\/\/api.w.org\/{rel}","templated":true}]}}