{"id":42,"date":"2025-08-15T15:29:23","date_gmt":"2025-08-15T19:29:23","guid":{"rendered":"https:\/\/canadiange1stg.wpenginepowered.com\/home\/"},"modified":"2025-10-29T10:30:35","modified_gmt":"2025-10-29T14:30:35","slug":"home","status":"publish","type":"page","link":"https:\/\/challenge.canadiangeographic.ca\/fr\/","title":{"rendered":"Accueil"},"content":{"rendered":"<p><span data-sheets-root=\"1\">F\u00e9licitations \u00e0 \u00c9quipe Canada pour son succ\u00e8s \u00e0 la 21e Olympiade internationale de g\u00e9ographie!<br \/>\n<img loading=\"lazy\" decoding=\"async\" class=\"alignleft size-full wp-image-645\" src=\"https:\/\/challenge.canadiangeographic.ca\/wp-content\/uploads\/2025\/10\/screen_shot_2025-08-15_at_12.06.57_pm-1.webp\" alt=\"\" width=\"1376\" height=\"769\" srcset=\"https:\/\/challenge.canadiangeographic.ca\/wp-content\/uploads\/2025\/10\/screen_shot_2025-08-15_at_12.06.57_pm-1.webp 1376w, https:\/\/challenge.canadiangeographic.ca\/wp-content\/uploads\/2025\/10\/screen_shot_2025-08-15_at_12.06.57_pm-1-300x168.webp 300w, https:\/\/challenge.canadiangeographic.ca\/wp-content\/uploads\/2025\/10\/screen_shot_2025-08-15_at_12.06.57_pm-1-1024x572.webp 1024w, https:\/\/challenge.canadiangeographic.ca\/wp-content\/uploads\/2025\/10\/screen_shot_2025-08-15_at_12.06.57_pm-1-768x429.webp 768w\" sizes=\"auto, (max-width: 1376px) 100vw, 1376px\" \/><br \/>\n<\/span><\/p>\n<h2>Joignez-vous \u00e0 nous pour une nouvelle ann\u00e9e passionnante du D\u00e9fi Can Geo!<\/h2>\n<p>Ce concours annuel offre aux \u00e9l\u00e8ves de partout au Canada l\u2019occasion d\u2019approfondir leur compr\u00e9hension du monde tout en d\u00e9veloppant des comp\u00e9tences g\u00e9ographiques essentielles, de mani\u00e8re ludique et engageante.<\/p>\n<p>Enseignantes et enseignants, nous vous invitons \u00e0 participer au D\u00e9fi de cette ann\u00e9e et \u00e0 inspirer la prochaine g\u00e9n\u00e9ration de g\u00e9ographes. Que vos \u00e9l\u00e8ves d\u00e9couvrent le programme pour la premi\u00e8re fois ou qu\u2019ils soient d\u00e9j\u00e0 des participants chevronn\u00e9s, le D\u00e9fi Can Geo est une excellente fa\u00e7on de donner vie \u00e0 la g\u00e9ographie dans votre classe et de relier l\u2019apprentissage au monde qui nous entoure.<\/p>\n<h2>Pourquoi le D\u00e9fi Can Geo est important<\/h2>\n<p>Le D\u00e9fi Can Geo est bien plus qu\u2019un simple concours \u2014 c\u2019est un outil \u00e9ducatif puissant qui donne vie \u00e0 la g\u00e9ographie et relie des \u00e9l\u00e8ves de partout au Canada. En participant \u00e0 ce programme, les \u00e9l\u00e8ves d\u00e9veloppent leur pens\u00e9e critique, leurs habilet\u00e9s en r\u00e9solution de probl\u00e8mes et leur compr\u00e9hension du Canada et du monde. Le D\u00e9fi favorise la curiosit\u00e9, encourage un sentiment de citoyennet\u00e9 mondiale et renforce la conscience spatiale \u2014 tout en rendant l\u2019apprentissage amusant et interactif.<\/p>\n<p>Dans un monde de plus en plus interconnect\u00e9, l\u2019alphab\u00e9tisation g\u00e9ographique est essentielle. Le D\u00e9fi Can Geo outille les \u00e9l\u00e8ves avec les connaissances et les comp\u00e9tences dont ils ont besoin pour naviguer et comprendre le monde complexe qui les entoure. Joignez-vous \u00e0 nous pour inspirer la prochaine g\u00e9n\u00e9ration de g\u00e9ographes!<\/p>\n<p>Inscrivez-vous comme membre d\u2019\u00c9ducation Canadian Geographic pour rester \u00e0 jour sur les derni\u00e8res nouvelles concernant nos concours et nos ressources!<\/p>\n<h2>Pourquoi participer au D\u00e9fi?<\/h2>\n<p><strong>1. Rivalisez avec d\u2019autres \u00e9l\u00e8ves en g\u00e9ographie \u00e0 travers le Canada!<\/strong><br \/>\nLe D\u00e9fi Can Geo vise \u00e0 reconna\u00eetre les meilleurs \u00e9l\u00e8ves en g\u00e9ographie au pays. Le programme commence par une comp\u00e9tition \u00e0 l\u2019\u00e9chelle de la classe et de l\u2019\u00e9cole. Ensuite, les gagnants d\u2019\u00e9cole ont la possibilit\u00e9 de rivaliser avec les meilleurs \u00e9l\u00e8ves de leur province ou territoire. Enfin, les meilleurs gagnants provinciaux pourront se mesurer aux meilleurs du pays lors de la Finale nationale du D\u00e9fi Can Geo!<\/p>\n<p><strong>2. Gagnez de super prix!<\/strong><br \/>\nTous les gagnants d\u2019\u00e9cole re\u00e7oivent un prix! Les \u00e9l\u00e8ves recevront un abonnement d\u2019un an au magazine Canadian Geographic ainsi qu\u2019un certificat soulignant leur r\u00e9ussite.<\/p>\n<p><strong>3. La participation est enti\u00e8rement gratuite!<\/strong><br \/>\nLe D\u00e9fi Can Geo est accessible \u00e0 toutes les \u00e9coles, sans frais d\u2019inscription! Il suffit que les enseignants cr\u00e9ent un compte pour pouvoir se connecter et acc\u00e9der aux tests.<\/p>\n<p><strong>4. Facile \u00e0 int\u00e9grer \u00e0 votre horaire<\/strong><br \/>\nLe format flexible du D\u00e9fi permet aux enseignants d\u2019int\u00e9grer ce programme dans leur horaire sans perturber leurs le\u00e7ons pr\u00e9vues. Les enseignants peuvent choisir de faire passer les tests en ligne ou d\u2019imprimer des copies papier. Vous pouvez aussi inscrire des clubs scolaires pour participer!<\/p>\n<p><strong>5. Repr\u00e9sentez le Canada sur la sc\u00e8ne internationale \u00e0 l\u2019Olympiade internationale de g\u00e9ographie (pour les \u00e9l\u00e8ves du niveau 3 seulement)<\/strong><br \/>\nChaque ann\u00e9e, la Soci\u00e9t\u00e9 g\u00e9ographique royale du Canada parraine les meilleurs \u00e9l\u00e8ves du niveau 3 pour repr\u00e9senter le Canada sur la sc\u00e8ne mondiale de l\u2019Olympiade internationale de g\u00e9ographie. L\u2019an dernier, \u00c9quipe Canada a particip\u00e9 \u00e0 Bangkok, en Tha\u00eflande. La comp\u00e9tition de 2026 aura lieu \u00e0 Istanbul, en T\u00fcrkiye.<\/p>\n","protected":false},"excerpt":{"rendered":"<p>F\u00e9licitations \u00e0 \u00c9quipe Canada pour son succ\u00e8s \u00e0 la 21e Olympiade internationale de g\u00e9ographie! Joignez-vous \u00e0 nous pour une nouvelle ann\u00e9e passionnante du D\u00e9fi Can Geo! Ce concours annuel offre aux \u00e9l\u00e8ves de partout au Canada l\u2019occasion d\u2019approfondir leur compr\u00e9hension du monde tout en d\u00e9veloppant des comp\u00e9tences g\u00e9ographiques essentielles, de mani\u00e8re ludique et engageante. Enseignantes [&hellip;]<\/p>\n","protected":false},"author":1,"featured_media":0,"parent":0,"menu_order":0,"comment_status":"closed","ping_status":"closed","template":"","meta":{"_acf_changed":false,"_monsterinsights_skip_tracking":false,"_monsterinsights_sitenote_active":false,"_monsterinsights_sitenote_note":"","_monsterinsights_sitenote_category":0,"footnotes":""},"class_list":["post-42","page","type-page","status-publish","hentry"],"acf":[],"_links":{"self":[{"href":"https:\/\/challenge.canadiangeographic.ca\/fr\/wp-json\/wp\/v2\/pages\/42","targetHints":{"allow":["GET"]}}],"collection":[{"href":"https:\/\/challenge.canadiangeographic.ca\/fr\/wp-json\/wp\/v2\/pages"}],"about":[{"href":"https:\/\/challenge.canadiangeographic.ca\/fr\/wp-json\/wp\/v2\/types\/page"}],"author":[{"embeddable":true,"href":"https:\/\/challenge.canadiangeographic.ca\/fr\/wp-json\/wp\/v2\/users\/1"}],"replies":[{"embeddable":true,"href":"https:\/\/challenge.canadiangeographic.ca\/fr\/wp-json\/wp\/v2\/comments?post=42"}],"version-history":[{"count":0,"href":"https:\/\/challenge.canadiangeographic.ca\/fr\/wp-json\/wp\/v2\/pages\/42\/revisions"}],"wp:attachment":[{"href":"https:\/\/challenge.canadiangeographic.ca\/fr\/wp-json\/wp\/v2\/media?parent=42"}],"curies":[{"name":"wp","href":"https:\/\/api.w.org\/{rel}","templated":true}]}}